{"id":2061,"date":"2022-08-22T12:23:16","date_gmt":"2022-08-22T11:23:16","guid":{"rendered":"https:\/\/haloevacuation.com\/es\/?page_id=2061"},"modified":"2022-08-30T11:35:17","modified_gmt":"2022-08-30T10:35:17","slug":"estudio-gratuito-de-sitios-de-evacuacion","status":"publish","type":"page","link":"https:\/\/haloevacuation.com\/es\/estudio-gratuito-de-sitios-de-evacuacion\/","title":{"rendered":"Estudio Gratuito de Sitios de Evacuaci\u00f3n"},"content":{"rendered":"\n\n<section class=\"hero hero--short\" style=\"background-image:url('https:\/\/haloevacuation.com\/es\/wp-content\/uploads\/sites\/2\/2022\/08\/Copy-of-copy-of-banner-for-halo-4.png')\">\n\t<div class=\"hero__fg\">\n\t\t<div class=\"container container--w1000\">\n\t\t\t<div class=\"hero__inner\" data-aos=\"fade-up\">\n\t\t\t\t\t\t\t\t\t\t\t<\/div>\n\t\t<\/div>\n\t<\/div>\n<\/section>\n\n\n\n<section class=\"intro-text\" >\n\t<div class=\"container container--w640\">\n\t\t<div class=\"intro-text__inner content centre-align\" data-aos=\"fade-up\">\n\t\t\t<h2 id=\"tw-target-text\" class=\"tw-data-text tw-text-large tw-ta\" dir=\"ltr\" data-placeholder=\"Translation\"><strong>Reserve su Estudios de Sitios de Evacuaci\u00f3n<\/strong><\/h2>\n<p>Halo\u2122 Evacuation sabe que no hay dos escaleras iguales, sumado a que tambi\u00e9n var\u00edan los requisitos del personal, es fundamental seleccionar la silla Halo\u2122\u00a0Evacuation correcta.<\/p>\n<p>Ofrecemos un Estudio de Sitios de Evacuaci\u00f3n gratuito y sin obligaci\u00f3n, en el que uno de nuestros expertos visitar\u00e1 sus instalaciones y evaluar\u00e1 el ancho, \u00e1ngulo y tipos de escaleras del lugar, adem\u00e1s de los requisitos del personal. Luego recomendar\u00e1 la silla Halo\u2122\u00a0Evacuation m\u00e1s adecuada, lo que le brindar\u00e1 la absoluta tranquilidad de poder evacuar a todos.<\/p>\n<p>Halo\u2122\u00a0Evacuation est\u00e1 presente en cada escal\u00f3n<\/p>\n<p><strong>\u00a1Complete el formulario a continuaci\u00f3n para reservar gratis y sin obligaci\u00f3n su Estudio de Sitios de Evacuaci\u00f3n que tiene un valor de $229!<\/strong><\/p>\n\t\t\t\t\t<\/div>\n\t<\/div>\n<\/section>\n\n\n\n<section class=\"form\" id=\"form\">\n\t<div class=\"container container--w718\">\n\t\t\t\t<div class=\"form__inner content\" data-aos=\"fade-up\">\n\t\t\t<p><strong>Aseg\u00farese de seleccionar la silla Halo\u2122\u00a0Evacuation adecuada<\/strong><\/p>\n<p>\u00a1Complete el formulario a continuaci\u00f3n para reservar gratis y sin obligaci\u00f3n su Estudio de Sitios de Evacuaci\u00f3n que tiene un valor de $229!<\/p>\n\t\t<\/div>\n\t\t\t\t<div class=\"form__cntr\">\n\t\t\t<script type=\"text\/javascript\">var gform;gform||(document.addEventListener(\"gform_main_scripts_loaded\",function(){gform.scriptsLoaded=!0}),window.addEventListener(\"DOMContentLoaded\",function(){gform.domLoaded=!0}),gform={domLoaded:!1,scriptsLoaded:!1,initializeOnLoaded:function(o){gform.domLoaded&&gform.scriptsLoaded?o():!gform.domLoaded&&gform.scriptsLoaded?window.addEventListener(\"DOMContentLoaded\",o):document.addEventListener(\"gform_main_scripts_loaded\",o)},hooks:{action:{},filter:{}},addAction:function(o,n,r,t){gform.addHook(\"action\",o,n,r,t)},addFilter:function(o,n,r,t){gform.addHook(\"filter\",o,n,r,t)},doAction:function(o){gform.doHook(\"action\",o,arguments)},applyFilters:function(o){return gform.doHook(\"filter\",o,arguments)},removeAction:function(o,n){gform.removeHook(\"action\",o,n)},removeFilter:function(o,n,r){gform.removeHook(\"filter\",o,n,r)},addHook:function(o,n,r,t,i){null==gform.hooks[o][n]&&(gform.hooks[o][n]=[]);var e=gform.hooks[o][n];null==i&&(i=n+\"_\"+e.length),gform.hooks[o][n].push({tag:i,callable:r,priority:t=null==t?10:t})},doHook:function(n,o,r){var t;if(r=Array.prototype.slice.call(r,1),null!=gform.hooks[n][o]&&((o=gform.hooks[n][o]).sort(function(o,n){return o.priority-n.priority}),o.forEach(function(o){\"function\"!=typeof(t=o.callable)&&(t=window[t]),\"action\"==n?t.apply(null,r):r[0]=t.apply(null,r)})),\"filter\"==n)return r[0]},removeHook:function(o,n,t,i){var r;null!=gform.hooks[o][n]&&(r=(r=gform.hooks[o][n]).filter(function(o,n,r){return!!(null!=i&&i!=o.tag||null!=t&&t!=o.priority)}),gform.hooks[o][n]=r)}});<\/script>\n                <div class='gf_browser_gecko gform_wrapper gravity-theme' id='gform_wrapper_7' style='display:none'><div id='gf_7' class='gform_anchor' tabindex='-1'><\/div>\n                        <div class='gform_heading'>\n                            <h2 class=\"gform_title\">Free Evacuation Site Survey V3 (In use)<\/h2>\n                            <span class='gform_description'><\/span>\n                        <\/div><form method='post' enctype='multipart\/form-data' target='gform_ajax_frame_7' id='gform_7'  action='\/es\/wp-json\/wp\/v2\/pages\/2061#gf_7' novalidate>\n                        <div class='gform_body gform-body'><div id='gform_fields_7' class='gform_fields top_label form_sublabel_below description_below'><div id=\"field_7_1\"  class=\"gfield gfield--width-half gfield_contains_required field_sublabel_below field_description_below gfield_visibility_visible\"  data-js-reload=\"field_7_1\"><label class='gfield_label' for='input_7_1' >Su nombre<span class=\"gfield_required\"><span class=\"gfield_required gfield_required_text\">(Required)<\/span><\/span><\/label><div class='ginput_container ginput_container_text'><input name='input_1' id='input_7_1' type='text' value='' class='large'   tabindex='100' placeholder='Su nombre' aria-required=\"true\" aria-invalid=\"false\"   \/> <\/div><\/div><div id=\"field_7_2\"  class=\"gfield gfield--width-half field_sublabel_below field_description_below gfield_visibility_visible\"  data-js-reload=\"field_7_2\"><label class='gfield_label' for='input_7_2' >Organizaci\u00f3n<\/label><div class='ginput_container ginput_container_text'><input name='input_2' id='input_7_2' type='text' value='' class='large'   tabindex='101' placeholder='Nombre de la compa\u00f1\u00eda'  aria-invalid=\"false\"   \/> <\/div><\/div><div id=\"field_7_9\"  class=\"gfield gfield--width-half gfield_contains_required field_sublabel_below field_description_below gfield_visibility_visible\"  data-js-reload=\"field_7_9\"><label class='gfield_label' for='input_7_9' >Correo electr\u00f3nico<span class=\"gfield_required\"><span class=\"gfield_required gfield_required_text\">(Required)<\/span><\/span><\/label><div class='ginput_container ginput_container_email'>\n                            <input name='input_9' id='input_7_9' type='email' value='' class='large' tabindex='102'  placeholder='Direcci\u00f3n de correo electr\u00f3nico' aria-required=\"true\" aria-invalid=\"false\"  \/>\n                        <\/div><\/div><div id=\"field_7_10\"  class=\"gfield gfield--width-half field_sublabel_below field_description_below gfield_visibility_visible\"  data-js-reload=\"field_7_10\"><label class='gfield_label' for='input_7_10' >Tel\u00e9fono<\/label><div class='ginput_container ginput_container_phone'><input name='input_10' id='input_7_10' type='tel' value='' class='large' tabindex='103' placeholder='Tel\u00e9fono'  aria-invalid=\"false\"   \/><\/div><\/div><div id=\"field_7_11\"  class=\"gfield gfield--width-half gfield_contains_required field_sublabel_below field_description_below gfield_visibility_visible\"  data-js-reload=\"field_7_11\"><label class='gfield_label' for='input_7_11' >Pa\u00eds<span class=\"gfield_required\"><span class=\"gfield_required gfield_required_text\">(Required)<\/span><\/span><\/label><div class='ginput_container ginput_container_select'><select name='input_11' id='input_7_11' class='large gfield_select' tabindex='104'   aria-required=\"true\" aria-invalid=\"false\" ><option value='--Seleccione un pa\u00eds--' >&#8211;Seleccione un pa\u00eds&#8211;<\/option><option value='' ><\/option><option value='USA' >USA<\/option><option value='Canada' >Canada<\/option><\/select><\/div><\/div><div id=\"field_7_5\"  class=\"gfield gfield--width-half gfield_contains_required field_sublabel_below field_description_below gfield_visibility_visible\"  data-js-reload=\"field_7_5\"><label class='gfield_label' for='input_7_5' >Estado<span class=\"gfield_required\"><span class=\"gfield_required gfield_required_text\">(Required)<\/span><\/span><\/label><div class='ginput_container ginput_container_select'><select name='input_5' id='input_7_5' class='large gfield_select' tabindex='105'   aria-required=\"true\" aria-invalid=\"false\" ><option value='--Selecciona un Estado--' >&#8211;Selecciona un Estado&#8211;<\/option><option value='Alabama' >Alabama<\/option><option value='Alaska' >Alaska<\/option><option value='Arizona' >Arizona<\/option><option value='Arkansas' >Arkansas<\/option><option value='California' >California<\/option><option value='Colorado' >Colorado<\/option><option value='Connecticut' >Connecticut<\/option><option value='Delaware' >Delaware<\/option><option value='Florida' >Florida<\/option><option value='Georgia' >Georgia<\/option><option value='Hawaii' >Hawaii<\/option><option value='Idaho' >Idaho<\/option><option value='Illinois' >Illinois<\/option><option value='Indiana' >Indiana<\/option><option value='Iowa' >Iowa<\/option><option value='Kansas' >Kansas<\/option><option value='Kentucky' >Kentucky<\/option><option value='Louisiana' >Louisiana<\/option><option value='Maine' >Maine<\/option><option value='Maryland' >Maryland<\/option><option value='Massachusetts' >Massachusetts<\/option><option value='Michigan' >Michigan<\/option><option value='Minnesota' >Minnesota<\/option><option value='Mississippi' >Mississippi<\/option><option value='Missouri' >Missouri<\/option><option value='Montana' >Montana<\/option><option value='Nebraska' >Nebraska<\/option><option value='Nevada' >Nevada<\/option><option value='New Hampshire' >New Hampshire<\/option><option value='New Jersey' >New Jersey<\/option><option value='New Mexico' >New Mexico<\/option><option value='New York' >New York<\/option><option value='North Carolina' >North Carolina<\/option><option value='North Dakota' >North Dakota<\/option><option value='Ohio' >Ohio<\/option><option value='Oklahoma' >Oklahoma<\/option><option value='Oregon' >Oregon<\/option><option value='Pennsylvania' >Pennsylvania<\/option><option value='Rhode Island' >Rhode Island<\/option><option value='South Carolina' >South Carolina<\/option><option value='South Dakota' >South Dakota<\/option><option value='Tennessee' >Tennessee<\/option><option value='Texas' >Texas<\/option><option value='Utah' >Utah<\/option><option value='Vermont' >Vermont<\/option><option value='Virginia' >Virginia<\/option><option value='Washington' >Washington<\/option><option value='West Virginia' >West Virginia<\/option><option value='Wisconsin' >Wisconsin<\/option><option value='Wyoming' >Wyoming<\/option><\/select><\/div><\/div><div id=\"field_7_12\"  class=\"gfield gfield--width-full gfield_contains_required field_sublabel_below field_description_below gfield_visibility_visible\"  data-js-reload=\"field_7_12\"><label class='gfield_label' for='input_7_12' >Provincia<span class=\"gfield_required\"><span class=\"gfield_required gfield_required_text\">(Required)<\/span><\/span><\/label><div class='ginput_container ginput_container_select'><select name='input_12' id='input_7_12' class='large gfield_select' tabindex='106'   aria-required=\"true\" aria-invalid=\"false\" ><option value='--Seleccione una provincia--' >&#8211;Seleccione una provincia&#8211;<\/option><option value='Alberta' >Alberta<\/option><option value='British Columbia' >British Columbia<\/option><option value='Manitoba' >Manitoba<\/option><option value='New Brunswick' >New Brunswick<\/option><option value='Newfoundland and Labrador' >Newfoundland and Labrador<\/option><option value='Nova Scotia' >Nova Scotia<\/option><option value='Ontario' >Ontario<\/option><option value='Prince Edward Island' >Prince Edward Island<\/option><option value='Quebec' >Quebec<\/option><option value='Saskatchewan' >Saskatchewan<\/option><\/select><\/div><\/div><div id=\"field_7_8\"  class=\"gfield gfield--width-full gfield_contains_required field_sublabel_below field_description_below gfield_visibility_visible\"  data-js-reload=\"field_7_8\"><label class='gfield_label' for='input_7_8' >Mensaje<span class=\"gfield_required\"><span class=\"gfield_required gfield_required_text\">(Required)<\/span><\/span><\/label><div class='ginput_container ginput_container_textarea'><textarea name='input_8' id='input_7_8' class='textarea large' tabindex='107'    aria-required=\"true\" aria-invalid=\"false\"   rows='10' cols='50'><\/textarea><\/div><\/div><\/div><\/div>\n        <div class='gform_footer top_label'> <input type='submit' id='gform_submit_button_7' class='gform_button button' value='Enviar' tabindex='108' onclick='if(window[\"gf_submitting_7\"]){return false;}  if( !jQuery(\"#gform_7\")[0].checkValidity || jQuery(\"#gform_7\")[0].checkValidity()){window[\"gf_submitting_7\"]=true;}  ' onkeypress='if( event.keyCode == 13 ){ if(window[\"gf_submitting_7\"]){return false;} if( !jQuery(\"#gform_7\")[0].checkValidity || jQuery(\"#gform_7\")[0].checkValidity()){window[\"gf_submitting_7\"]=true;}  jQuery(\"#gform_7\").trigger(\"submit\",[true]); }' \/> <input type='hidden' name='gform_ajax' value='form_id=7&amp;title=1&amp;description=1&amp;tabindex=100' \/>\n            <input type='hidden' class='gform_hidden' name='is_submit_7' value='1' \/>\n            <input type='hidden' class='gform_hidden' name='gform_submit' value='7' \/>\n            \n            <input type='hidden' class='gform_hidden' name='gform_unique_id' value='' \/>\n            <input type='hidden' class='gform_hidden' name='state_7' value='WyJbXSIsImUzOTA2Nzk1MTBlMzY3MGIxZjhiY2I4OTEyZjdmNjBkIl0=' \/>\n            <input type='hidden' class='gform_hidden' name='gform_target_page_number_7' id='gform_target_page_number_7' value='0' \/>\n            <input type='hidden' class='gform_hidden' name='gform_source_page_number_7' id='gform_source_page_number_7' value='1' \/>\n            <input type='hidden' name='gform_field_values' value='' \/>\n            \n        <\/div>\n                        <\/form>\n                        <\/div>\n                <iframe style='display:none;width:0px;height:0px;' src='about:blank' name='gform_ajax_frame_7' id='gform_ajax_frame_7' title='This iframe contains the logic required to handle Ajax powered Gravity Forms.'><\/iframe>\n                <script type=\"text\/javascript\">\ngform.initializeOnLoaded( function() {gformInitSpinner( 7, 'https:\/\/haloevacuation.com\/es\/wp-content\/plugins\/gravityforms\/images\/spinner.svg' );jQuery('#gform_ajax_frame_7').on('load',function(){var contents = jQuery(this).contents().find('*').html();var is_postback = contents.indexOf('GF_AJAX_POSTBACK') >= 0;if(!is_postback){return;}var form_content = jQuery(this).contents().find('#gform_wrapper_7');var is_confirmation = jQuery(this).contents().find('#gform_confirmation_wrapper_7').length > 0;var is_redirect = contents.indexOf('gformRedirect(){') >= 0;var is_form = form_content.length > 0 && ! is_redirect && ! is_confirmation;var mt = parseInt(jQuery('html').css('margin-top'), 10) + parseInt(jQuery('body').css('margin-top'), 10) + 100;if(is_form){jQuery('#gform_wrapper_7').html(form_content.html());if(form_content.hasClass('gform_validation_error')){jQuery('#gform_wrapper_7').addClass('gform_validation_error');} else {jQuery('#gform_wrapper_7').removeClass('gform_validation_error');}setTimeout( function() { \/* delay the scroll by 50 milliseconds to fix a bug in chrome *\/ jQuery(document).scrollTop(jQuery('#gform_wrapper_7').offset().top - mt); }, 50 );if(window['gformInitDatepicker']) {gformInitDatepicker();}if(window['gformInitPriceFields']) {gformInitPriceFields();}var current_page = jQuery('#gform_source_page_number_7').val();gformInitSpinner( 7, 'https:\/\/haloevacuation.com\/es\/wp-content\/plugins\/gravityforms\/images\/spinner.svg' );jQuery(document).trigger('gform_page_loaded', [7, current_page]);window['gf_submitting_7'] = false;}else if(!is_redirect){var confirmation_content = jQuery(this).contents().find('.GF_AJAX_POSTBACK').html();if(!confirmation_content){confirmation_content = contents;}setTimeout(function(){jQuery('#gform_wrapper_7').replaceWith(confirmation_content);jQuery(document).scrollTop(jQuery('#gf_7').offset().top - mt);jQuery(document).trigger('gform_confirmation_loaded', [7]);window['gf_submitting_7'] = false;wp.a11y.speak(jQuery('#gform_confirmation_message_7').text());}, 50);}else{jQuery('#gform_7').append(contents);if(window['gformRedirect']) {gformRedirect();}}jQuery(document).trigger('gform_post_render', [7, current_page]);} );} );\n<\/script>\n\t\t<\/div>\n\t<\/div>\n<\/section>","protected":false},"excerpt":{"rendered":"","protected":false},"author":5,"featured_media":0,"parent":0,"menu_order":0,"comment_status":"closed","ping_status":"closed","template":"","meta":{"inline_featured_image":false},"acf":[],"yoast_head":"<!-- This site is optimized with the Yoast SEO plugin v18.5.1 - https:\/\/yoast.com\/wordpress\/plugins\/seo\/ -->\n<title>Estudio Gratuito de Sitios de Evacuaci\u00f3n - Halo Evacuation ES<\/title>\n<meta name=\"robots\" content=\"index, follow, max-snippet:-1, max-image-preview:large, max-video-preview:-1\" \/>\n<link rel=\"canonical\" href=\"https:\/\/haloevacuation.com\/es\/estudio-gratuito-de-sitios-de-evacuacion\/\" \/>\n<meta property=\"og:locale\" content=\"en_GB\" \/>\n<meta property=\"og:type\" content=\"article\" \/>\n<meta property=\"og:title\" content=\"Estudio Gratuito de Sitios de Evacuaci\u00f3n - Halo Evacuation ES\" \/>\n<meta property=\"og:url\" content=\"https:\/\/haloevacuation.com\/es\/estudio-gratuito-de-sitios-de-evacuacion\/\" \/>\n<meta property=\"og:site_name\" content=\"Halo Evacuation ES\" \/>\n<meta property=\"article:modified_time\" content=\"2022-08-30T10:35:17+00:00\" \/>\n<meta name=\"twitter:card\" content=\"summary_large_image\" \/>\n<script type=\"application\/ld+json\" class=\"yoast-schema-graph\">{\"@context\":\"https:\/\/schema.org\",\"@graph\":[{\"@type\":\"WebSite\",\"@id\":\"https:\/\/haloevacuation.com\/es\/#website\",\"url\":\"https:\/\/haloevacuation.com\/es\/\",\"name\":\"Halo Evacuation ES\",\"description\":\"Just another WordPress site\",\"potentialAction\":[{\"@type\":\"SearchAction\",\"target\":{\"@type\":\"EntryPoint\",\"urlTemplate\":\"https:\/\/haloevacuation.com\/es\/?s={search_term_string}\"},\"query-input\":\"required name=search_term_string\"}],\"inLanguage\":\"en-GB\"},{\"@type\":\"WebPage\",\"@id\":\"https:\/\/haloevacuation.com\/es\/estudio-gratuito-de-sitios-de-evacuacion\/#webpage\",\"url\":\"https:\/\/haloevacuation.com\/es\/estudio-gratuito-de-sitios-de-evacuacion\/\",\"name\":\"Estudio Gratuito de Sitios de Evacuaci\u00f3n - Halo Evacuation ES\",\"isPartOf\":{\"@id\":\"https:\/\/haloevacuation.com\/es\/#website\"},\"datePublished\":\"2022-08-22T11:23:16+00:00\",\"dateModified\":\"2022-08-30T10:35:17+00:00\",\"breadcrumb\":{\"@id\":\"https:\/\/haloevacuation.com\/es\/estudio-gratuito-de-sitios-de-evacuacion\/#breadcrumb\"},\"inLanguage\":\"en-GB\",\"potentialAction\":[{\"@type\":\"ReadAction\",\"target\":[\"https:\/\/haloevacuation.com\/es\/estudio-gratuito-de-sitios-de-evacuacion\/\"]}]},{\"@type\":\"BreadcrumbList\",\"@id\":\"https:\/\/haloevacuation.com\/es\/estudio-gratuito-de-sitios-de-evacuacion\/#breadcrumb\",\"itemListElement\":[{\"@type\":\"ListItem\",\"position\":1,\"name\":\"Home\",\"item\":\"https:\/\/haloevacuation.com\/es\/\"},{\"@type\":\"ListItem\",\"position\":2,\"name\":\"Estudio Gratuito de Sitios de Evacuaci\u00f3n\"}]}]}<\/script>\n<!-- \/ Yoast SEO plugin. -->","yoast_head_json":{"title":"Estudio Gratuito de Sitios de Evacuaci\u00f3n - Halo Evacuation ES","robots":{"index":"index","follow":"follow","max-snippet":"max-snippet:-1","max-image-preview":"max-image-preview:large","max-video-preview":"max-video-preview:-1"},"canonical":"https:\/\/haloevacuation.com\/es\/estudio-gratuito-de-sitios-de-evacuacion\/","og_locale":"en_GB","og_type":"article","og_title":"Estudio Gratuito de Sitios de Evacuaci\u00f3n - Halo Evacuation ES","og_url":"https:\/\/haloevacuation.com\/es\/estudio-gratuito-de-sitios-de-evacuacion\/","og_site_name":"Halo Evacuation ES","article_modified_time":"2022-08-30T10:35:17+00:00","twitter_card":"summary_large_image","schema":{"@context":"https:\/\/schema.org","@graph":[{"@type":"WebSite","@id":"https:\/\/haloevacuation.com\/es\/#website","url":"https:\/\/haloevacuation.com\/es\/","name":"Halo Evacuation ES","description":"Just another WordPress site","potentialAction":[{"@type":"SearchAction","target":{"@type":"EntryPoint","urlTemplate":"https:\/\/haloevacuation.com\/es\/?s={search_term_string}"},"query-input":"required name=search_term_string"}],"inLanguage":"en-GB"},{"@type":"WebPage","@id":"https:\/\/haloevacuation.com\/es\/estudio-gratuito-de-sitios-de-evacuacion\/#webpage","url":"https:\/\/haloevacuation.com\/es\/estudio-gratuito-de-sitios-de-evacuacion\/","name":"Estudio Gratuito de Sitios de Evacuaci\u00f3n - Halo Evacuation ES","isPartOf":{"@id":"https:\/\/haloevacuation.com\/es\/#website"},"datePublished":"2022-08-22T11:23:16+00:00","dateModified":"2022-08-30T10:35:17+00:00","breadcrumb":{"@id":"https:\/\/haloevacuation.com\/es\/estudio-gratuito-de-sitios-de-evacuacion\/#breadcrumb"},"inLanguage":"en-GB","potentialAction":[{"@type":"ReadAction","target":["https:\/\/haloevacuation.com\/es\/estudio-gratuito-de-sitios-de-evacuacion\/"]}]},{"@type":"BreadcrumbList","@id":"https:\/\/haloevacuation.com\/es\/estudio-gratuito-de-sitios-de-evacuacion\/#breadcrumb","itemListElement":[{"@type":"ListItem","position":1,"name":"Home","item":"https:\/\/haloevacuation.com\/es\/"},{"@type":"ListItem","position":2,"name":"Estudio Gratuito de Sitios de Evacuaci\u00f3n"}]}]}},"_links":{"self":[{"href":"https:\/\/haloevacuation.com\/es\/wp-json\/wp\/v2\/pages\/2061"}],"collection":[{"href":"https:\/\/haloevacuation.com\/es\/wp-json\/wp\/v2\/pages"}],"about":[{"href":"https:\/\/haloevacuation.com\/es\/wp-json\/wp\/v2\/types\/page"}],"author":[{"embeddable":true,"href":"https:\/\/haloevacuation.com\/es\/wp-json\/wp\/v2\/users\/5"}],"replies":[{"embeddable":true,"href":"https:\/\/haloevacuation.com\/es\/wp-json\/wp\/v2\/comments?post=2061"}],"version-history":[{"count":21,"href":"https:\/\/haloevacuation.com\/es\/wp-json\/wp\/v2\/pages\/2061\/revisions"}],"predecessor-version":[{"id":2098,"href":"https:\/\/haloevacuation.com\/es\/wp-json\/wp\/v2\/pages\/2061\/revisions\/2098"}],"wp:attachment":[{"href":"https:\/\/haloevacuation.com\/es\/wp-json\/wp\/v2\/media?parent=2061"}],"curies":[{"name":"wp","href":"https:\/\/api.w.org\/{rel}","templated":true}]}}